{"id":1130,"date":"2025-06-16T10:20:06","date_gmt":"2025-06-16T10:20:06","guid":{"rendered":"https:\/\/www.kritikalbilbo.com\/?post_type=product&#038;p=1130"},"modified":"2025-10-21T10:49:15","modified_gmt":"2025-10-21T10:49:15","slug":"almohada-cervical-viscoelastica","status":"publish","type":"product","link":"https:\/\/www.kritikalbilbo.com\/fr\/producto\/almohada-cervical-viscoelastica\/","title":{"rendered":"Almohada cervical viscoelastica"},"content":{"rendered":"<p>[vc_row][vc_column][vc_column_text]Las almohadas Cannarelax son ergon\u00f3micas, ecol\u00f3gicas, reciclables y antiolores. Por otra parte, mantienen las propiedades del c\u00e1\u00f1amo industrial como la protecci\u00f3n anti\u00e1caros natural, termoregulables, resistentes, estables y duraderas.<\/p>\n<p>La cualidad t\u00e9rmica del c\u00e1\u00f1amo hace que el tejido resulte fresco en verano y c\u00e1lido en invierno. Adem\u00e1s la\u00a0tela que se hace con el c\u00e1\u00f1amo dura bastante m\u00e1s que la del algod\u00f3n.<\/p>\n<p>El cannabinol es una sustancia que se encuentra en el c\u00e1\u00f1amo y previene la formaci\u00f3n y el crecimiento de g\u00e9rmenes, por ello es muy importante saber que esta caracter\u00edstica no se pierde con los lavados.<\/p>\n<p>Otra caracter\u00edstica es que protege contra los efectos de los rayos UV da\u00f1inos.<\/p>\n<p>Es por todo ello que disponen de los certificados de Sanitized, Oeko-Tex y Hygcen.[\/vc_column_text][\/vc_column][\/vc_row]<\/p>\n","protected":false},"excerpt":{"rendered":"<p>Almohadas cervicales viscoel\u00e1sticas de ca\u00f1amo industrial para un perfecto descanso y comodidad.<br \/>\nMedida: 50 cm<\/p>\n","protected":false},"featured_media":1132,"comment_status":"open","ping_status":"closed","template":"","meta":[],"product_cat":[18],"product_tag":[],"yoast_head":"<!-- This site is optimized with the Yoast SEO plugin v19.9 - https:\/\/yoast.com\/wordpress\/plugins\/seo\/ -->\n<title>Almohada cervical viscoelastica - Kritikal Bilbo<\/title>\n<meta name=\"robots\" content=\"index, follow, max-snippet:-1, max-image-preview:large, max-video-preview:-1\" \/>\n<link rel=\"canonical\" href=\"https:\/\/www.kritikalbilbo.com\/fr\/producto\/almohada-cervical-viscoelastica\/\" \/>\n<meta property=\"og:locale\" content=\"fr_FR\" \/>\n<meta property=\"og:type\" content=\"article\" \/>\n<meta property=\"og:title\" content=\"Almohada cervical viscoelastica - Kritikal Bilbo\" \/>\n<meta property=\"og:description\" content=\"Almohadas cervicales viscoel\u00e1sticas de ca\u00f1amo industrial para un perfecto descanso y comodidad. Medida: 50 cm\" \/>\n<meta property=\"og:url\" content=\"https:\/\/www.kritikalbilbo.com\/fr\/producto\/almohada-cervical-viscoelastica\/\" \/>\n<meta property=\"og:site_name\" content=\"Kritikal Bilbo\" \/>\n<meta property=\"article:publisher\" content=\"https:\/\/es-es.facebook.com\/GENEHTIK\/\" \/>\n<meta property=\"article:modified_time\" content=\"2025-10-21T10:49:15+00:00\" \/>\n<meta property=\"og:image\" content=\"https:\/\/www.kritikalbilbo.com\/wp-content\/uploads\/2025\/06\/almohada-cervical.jpg\" \/>\n\t<meta property=\"og:image:width\" content=\"1134\" \/>\n\t<meta property=\"og:image:height\" content=\"851\" \/>\n\t<meta property=\"og:image:type\" content=\"image\/jpeg\" \/>\n<meta name=\"twitter:card\" content=\"summary_large_image\" \/>\n<meta name=\"twitter:site\" content=\"@GenehtikEs\" \/>\n<meta name=\"twitter:label1\" content=\"Dur\u00e9e de lecture estim\u00e9e\" \/>\n\t<meta name=\"twitter:data1\" content=\"1 minute\" \/>\n<script type=\"application\/ld+json\" class=\"yoast-schema-graph\">{\"@context\":\"https:\/\/schema.org\",\"@graph\":[{\"@type\":\"WebPage\",\"@id\":\"https:\/\/www.kritikalbilbo.com\/fr\/producto\/almohada-cervical-viscoelastica\/\",\"url\":\"https:\/\/www.kritikalbilbo.com\/fr\/producto\/almohada-cervical-viscoelastica\/\",\"name\":\"Almohada cervical viscoelastica - Kritikal Bilbo\",\"isPartOf\":{\"@id\":\"https:\/\/www.kritikalbilbo.com\/fr\/#website\"},\"datePublished\":\"2025-06-16T10:20:06+00:00\",\"dateModified\":\"2025-10-21T10:49:15+00:00\",\"breadcrumb\":{\"@id\":\"https:\/\/www.kritikalbilbo.com\/fr\/producto\/almohada-cervical-viscoelastica\/#breadcrumb\"},\"inLanguage\":\"fr-FR\",\"potentialAction\":[{\"@type\":\"ReadAction\",\"target\":[\"https:\/\/www.kritikalbilbo.com\/fr\/producto\/almohada-cervical-viscoelastica\/\"]}]},{\"@type\":\"BreadcrumbList\",\"@id\":\"https:\/\/www.kritikalbilbo.com\/fr\/producto\/almohada-cervical-viscoelastica\/#breadcrumb\",\"itemListElement\":[{\"@type\":\"ListItem\",\"position\":1,\"name\":\"Portada\",\"item\":\"https:\/\/www.kritikalbilbo.com\/fr\/\"},{\"@type\":\"ListItem\",\"position\":2,\"name\":\"Tienda\",\"item\":\"https:\/\/www.kritikalbilbo.com\/tienda\/\"},{\"@type\":\"ListItem\",\"position\":3,\"name\":\"Almohada cervical viscoelastica\"}]},{\"@type\":\"WebSite\",\"@id\":\"https:\/\/www.kritikalbilbo.com\/fr\/#website\",\"url\":\"https:\/\/www.kritikalbilbo.com\/fr\/\",\"name\":\"Kritikal Bilbo\",\"description\":\"Kritikal Bilbo CBD B\u00e1lsamo proporciona alivio inmediato con efecto reconfortante, mejorando la sensaci\u00f3n de bienestar muscular y articular\",\"publisher\":{\"@id\":\"https:\/\/www.kritikalbilbo.com\/fr\/#organization\"},\"potentialAction\":[{\"@type\":\"SearchAction\",\"target\":{\"@type\":\"EntryPoint\",\"urlTemplate\":\"https:\/\/www.kritikalbilbo.com\/fr\/?s={search_term_string}\"},\"query-input\":\"required name=search_term_string\"}],\"inLanguage\":\"fr-FR\"},{\"@type\":\"Organization\",\"@id\":\"https:\/\/www.kritikalbilbo.com\/fr\/#organization\",\"name\":\"Kritikal Bilbo\",\"url\":\"https:\/\/www.kritikalbilbo.com\/fr\/\",\"logo\":{\"@type\":\"ImageObject\",\"inLanguage\":\"fr-FR\",\"@id\":\"https:\/\/www.kritikalbilbo.com\/fr\/#\/schema\/logo\/image\/\",\"url\":\"https:\/\/www.kritikalbilbo.com\/wp-content\/uploads\/2022\/03\/logoKB.png\",\"contentUrl\":\"https:\/\/www.kritikalbilbo.com\/wp-content\/uploads\/2022\/03\/logoKB.png\",\"width\":78,\"height\":66,\"caption\":\"Kritikal Bilbo\"},\"image\":{\"@id\":\"https:\/\/www.kritikalbilbo.com\/fr\/#\/schema\/logo\/image\/\"},\"sameAs\":[\"https:\/\/www.instagram.com\/genehtik_seeds\",\"http:\/\/www.youtube.com\/SemillasGenehtik\",\"https:\/\/es-es.facebook.com\/GENEHTIK\/\",\"https:\/\/twitter.com\/GenehtikEs\"]}]}<\/script>\n<!-- \/ Yoast SEO plugin. -->","yoast_head_json":{"title":"Almohada cervical viscoelastica - Kritikal Bilbo","robots":{"index":"index","follow":"follow","max-snippet":"max-snippet:-1","max-image-preview":"max-image-preview:large","max-video-preview":"max-video-preview:-1"},"canonical":"https:\/\/www.kritikalbilbo.com\/fr\/producto\/almohada-cervical-viscoelastica\/","og_locale":"fr_FR","og_type":"article","og_title":"Almohada cervical viscoelastica - Kritikal Bilbo","og_description":"Almohadas cervicales viscoel\u00e1sticas de ca\u00f1amo industrial para un perfecto descanso y comodidad. Medida: 50 cm","og_url":"https:\/\/www.kritikalbilbo.com\/fr\/producto\/almohada-cervical-viscoelastica\/","og_site_name":"Kritikal Bilbo","article_publisher":"https:\/\/es-es.facebook.com\/GENEHTIK\/","article_modified_time":"2025-10-21T10:49:15+00:00","og_image":[{"width":1134,"height":851,"url":"https:\/\/www.kritikalbilbo.com\/wp-content\/uploads\/2025\/06\/almohada-cervical.jpg","type":"image\/jpeg"}],"twitter_card":"summary_large_image","twitter_site":"@GenehtikEs","twitter_misc":{"Dur\u00e9e de lecture estim\u00e9e":"1 minute"},"schema":{"@context":"https:\/\/schema.org","@graph":[{"@type":"WebPage","@id":"https:\/\/www.kritikalbilbo.com\/fr\/producto\/almohada-cervical-viscoelastica\/","url":"https:\/\/www.kritikalbilbo.com\/fr\/producto\/almohada-cervical-viscoelastica\/","name":"Almohada cervical viscoelastica - Kritikal Bilbo","isPartOf":{"@id":"https:\/\/www.kritikalbilbo.com\/fr\/#website"},"datePublished":"2025-06-16T10:20:06+00:00","dateModified":"2025-10-21T10:49:15+00:00","breadcrumb":{"@id":"https:\/\/www.kritikalbilbo.com\/fr\/producto\/almohada-cervical-viscoelastica\/#breadcrumb"},"inLanguage":"fr-FR","potentialAction":[{"@type":"ReadAction","target":["https:\/\/www.kritikalbilbo.com\/fr\/producto\/almohada-cervical-viscoelastica\/"]}]},{"@type":"BreadcrumbList","@id":"https:\/\/www.kritikalbilbo.com\/fr\/producto\/almohada-cervical-viscoelastica\/#breadcrumb","itemListElement":[{"@type":"ListItem","position":1,"name":"Portada","item":"https:\/\/www.kritikalbilbo.com\/fr\/"},{"@type":"ListItem","position":2,"name":"Tienda","item":"https:\/\/www.kritikalbilbo.com\/tienda\/"},{"@type":"ListItem","position":3,"name":"Almohada cervical viscoelastica"}]},{"@type":"WebSite","@id":"https:\/\/www.kritikalbilbo.com\/fr\/#website","url":"https:\/\/www.kritikalbilbo.com\/fr\/","name":"Kritikal Bilbo","description":"Kritikal Bilbo CBD B\u00e1lsamo proporciona alivio inmediato con efecto reconfortante, mejorando la sensaci\u00f3n de bienestar muscular y articular","publisher":{"@id":"https:\/\/www.kritikalbilbo.com\/fr\/#organization"},"potentialAction":[{"@type":"SearchAction","target":{"@type":"EntryPoint","urlTemplate":"https:\/\/www.kritikalbilbo.com\/fr\/?s={search_term_string}"},"query-input":"required name=search_term_string"}],"inLanguage":"fr-FR"},{"@type":"Organization","@id":"https:\/\/www.kritikalbilbo.com\/fr\/#organization","name":"Kritikal Bilbo","url":"https:\/\/www.kritikalbilbo.com\/fr\/","logo":{"@type":"ImageObject","inLanguage":"fr-FR","@id":"https:\/\/www.kritikalbilbo.com\/fr\/#\/schema\/logo\/image\/","url":"https:\/\/www.kritikalbilbo.com\/wp-content\/uploads\/2022\/03\/logoKB.png","contentUrl":"https:\/\/www.kritikalbilbo.com\/wp-content\/uploads\/2022\/03\/logoKB.png","width":78,"height":66,"caption":"Kritikal Bilbo"},"image":{"@id":"https:\/\/www.kritikalbilbo.com\/fr\/#\/schema\/logo\/image\/"},"sameAs":["https:\/\/www.instagram.com\/genehtik_seeds","http:\/\/www.youtube.com\/SemillasGenehtik","https:\/\/es-es.facebook.com\/GENEHTIK\/","https:\/\/twitter.com\/GenehtikEs"]}]}},"_links":{"self":[{"href":"https:\/\/www.kritikalbilbo.com\/fr\/wp-json\/wp\/v2\/product\/1130"}],"collection":[{"href":"https:\/\/www.kritikalbilbo.com\/fr\/wp-json\/wp\/v2\/product"}],"about":[{"href":"https:\/\/www.kritikalbilbo.com\/fr\/wp-json\/wp\/v2\/types\/product"}],"replies":[{"embeddable":true,"href":"https:\/\/www.kritikalbilbo.com\/fr\/wp-json\/wp\/v2\/comments?post=1130"}],"wp:featuredmedia":[{"embeddable":true,"href":"https:\/\/www.kritikalbilbo.com\/fr\/wp-json\/wp\/v2\/media\/1132"}],"wp:attachment":[{"href":"https:\/\/www.kritikalbilbo.com\/fr\/wp-json\/wp\/v2\/media?parent=1130"}],"wp:term":[{"taxonomy":"product_cat","embeddable":true,"href":"https:\/\/www.kritikalbilbo.com\/fr\/wp-json\/wp\/v2\/product_cat?post=1130"},{"taxonomy":"product_tag","embeddable":true,"href":"https:\/\/www.kritikalbilbo.com\/fr\/wp-json\/wp\/v2\/product_tag?post=1130"}],"curies":[{"name":"wp","href":"https:\/\/api.w.org\/{rel}","templated":true}]}}