{"id":1038,"date":"2024-04-26T10:40:12","date_gmt":"2024-04-26T10:40:12","guid":{"rendered":"https:\/\/www.kritikalbilbo.com\/?post_type=product&#038;p=1038"},"modified":"2025-06-12T10:22:50","modified_gmt":"2025-06-12T10:22:50","slug":"kritikal-bilbo-cbd-balm-50-ml","status":"publish","type":"product","link":"https:\/\/www.kritikalbilbo.com\/en\/producto\/kritikal-bilbo-cbd-balm-50-ml\/","title":{"rendered":"Kritikal Bilbo CBD Balm 50 ml"},"content":{"rendered":"<p>[vc_row][vc_column][vc_empty_space height=&#8221;20px&#8221;][vc_column_text]Kritikal Bilbo CBD Balm is a bio natural ointment produced only with natural ingredients, mainly from organic agriculture. It is made of cannabis sativa seed oil and cannabidiol extract. It is manufactured in a regulated GMP laboratory in Spain under a strict guaranteed quality control during its chain production. It is a 100% active product without parabens.<\/p>\n<p>Combines the properties of hemp oil and CBD extract (anti-inflammatory, analgesic, and moisturizer) with the ones of jojoba oil, shea butter, beeswax and soybean oil (antioxidant, humectant, antipruritic and anti-aging).<\/p>\n<p>The Kritikal Bilbo CBD massage balm is used for targeted areas exclusively for topical use.<\/p>\n<p>Toning and relaxing body to use before and after physical exercise.<\/p>\n<p>In addition, this balm contains CBD (cannabidiol) that provides immediate relief with a comforting effect, improving the sensation of muscular and joint well-being.[\/vc_column_text][vc_empty_space height=&#8221;20px&#8221;]<div class=\"edgtf-separator-holder clearfix  edgtf-separator-center\">\n\t<div class=\"edgtf-separator\" style=\"border-color: #43a756;border-style: dotted\"><\/div>\n<\/div>\n[vc_empty_space height=&#8221;20px&#8221;][\/vc_column][\/vc_row][vc_row][vc_column width=&#8221;1\/6&#8243;][vc_single_image image=&#8221;535&#8243; img_size=&#8221;100&#215;100&#8243; alignment=&#8221;center&#8221; css_animation=&#8221;fadeIn&#8221;][\/vc_column][vc_column width=&#8221;1\/6&#8243;][vc_single_image image=&#8221;515&#8243; img_size=&#8221;100&#215;100&#8243; alignment=&#8221;center&#8221; css_animation=&#8221;fadeIn&#8221;][\/vc_column][vc_column width=&#8221;1\/6&#8243;][vc_single_image image=&#8221;519&#8243; img_size=&#8221;100&#215;100&#8243; alignment=&#8221;center&#8221; css_animation=&#8221;fadeIn&#8221;][\/vc_column][vc_column width=&#8221;1\/6&#8243;][vc_single_image image=&#8221;523&#8243; img_size=&#8221;100&#215;100&#8243; alignment=&#8221;center&#8221; css_animation=&#8221;fadeIn&#8221;][\/vc_column][vc_column width=&#8221;1\/6&#8243;][vc_single_image image=&#8221;527&#8243; img_size=&#8221;100&#215;100&#8243; alignment=&#8221;center&#8221; css_animation=&#8221;fadeIn&#8221;][\/vc_column][vc_column width=&#8221;1\/6&#8243;][vc_single_image image=&#8221;531&#8243; img_size=&#8221;100&#215;100&#8243; alignment=&#8221;center&#8221; css_animation=&#8221;fadeIn&#8221;][\/vc_column][\/vc_row][vc_row][vc_column][vc_empty_space][vc_column_text]<br \/>\nComposition<br \/>\n[\/vc_column_text][vc_empty_space height=&#8221;10px&#8221;][vc_column_text]<\/p>\n<table>\n<tbody>\n<tr>\n<td>\n    <span class=\"edgtf-icon-shortcode circle edgtf-icon-small\"  >\n        \n        <i class=\"edgtf-icon-font-awesome fa fa-flask edgtf-icon-element\" style=\"\" ><\/i>\n            <\/span>\n\n<\/td>\n<td>Cannabis Sativa Seed Oil, Simmondsia Chinensis Seed Oil, Butyrospermum Parkii Butter, Cera Alba, Hydrogenated Soybean Oil, Cannabidiol-Derived from extract or tincture or resin of cannabis, Boswellia Carterii Gum Oil, Vetiveria Zizanoides Root Oil, Cedrus atlantica Bark Oil, Tocopherol, Glycine Soja Oil, Aqua, Limonene, Isoeugenol.<\/td>\n<\/tr>\n<\/tbody>\n<\/table>\n<p>[\/vc_column_text][\/vc_column][\/vc_row][vc_row][vc_column][vc_empty_space][vc_text_separator title=&#8221;pain&#8221; color=&#8221;custom&#8221; border_width=&#8221;4&#8243; css_animation=&#8221;none&#8221; accent_color=&#8221;#43a756&#8243; el_class=&#8221;sepdolor&#8221;][vc_empty_space][\/vc_column][\/vc_row][vc_row content_placement=&#8221;middle&#8221; css=&#8221;.vc_custom_1652182224589{background-color: #ededed !important;}&#8221;][vc_column][vc_empty_space height=&#8221;20px&#8221;][vc_row_inner content_placement=&#8221;middle&#8221; content_width=&#8221;grid&#8221;][vc_column_inner width=&#8221;1\/2&#8243;][vc_column_text]Due to the highly concentrated level of CBD in the Kritikal Bilbo CBD Balsam, it is therefore an efficient remedy to reduce both muscle and joint inflammations, soothing and relieving pain including chronic pain as caused by arthritis, arthrosis, etc.<\/p>\n<p>Furthermore, the cannabis sativa seed oil provides a greater absorption of CBD through the skin on the affected area.[\/vc_column_text][\/vc_column_inner][vc_column_inner width=&#8221;1\/2&#8243;][vc_single_image image=&#8221;472&#8243; img_size=&#8221;medium&#8221; alignment=&#8221;center&#8221; style=&#8221;vc_box_outline&#8221; border_color=&#8221;green&#8221; css_animation=&#8221;bounceInRight&#8221;][\/vc_column_inner][\/vc_row_inner][vc_empty_space height=&#8221;20px&#8221;][\/vc_column][\/vc_row][vc_row][vc_column][vc_empty_space][vc_text_separator title=&#8221;sport&#8221; color=&#8221;custom&#8221; border_width=&#8221;4&#8243; css_animation=&#8221;none&#8221; accent_color=&#8221;#43a756&#8243; el_class=&#8221;sepdolor&#8221;][vc_empty_space][\/vc_column][\/vc_row][vc_row][vc_column][vc_empty_space height=&#8221;20px&#8221;][vc_row_inner][vc_column_inner width=&#8221;1\/2&#8243;][vc_single_image image=&#8221;480&#8243; img_size=&#8221;full&#8221; alignment=&#8221;center&#8221; style=&#8221;vc_box_outline&#8221; border_color=&#8221;green&#8221; css_animation=&#8221;bounceInLeft&#8221;][\/vc_column_inner][vc_column_inner width=&#8221;1\/2&#8243;][vc_column_text]Globally in the last years many people have started using CBD as a palliative for pain or to improve sportsmen efficiency.<\/p>\n<p>Amongst the more than 150 identified cannabinoids, CBD is the only one allowed for training and sports competitions. In January 2020, CBD was the unique cannabinoid left out from the forbidden substances list of World Anti-Doping Agency (WADA), being approved for its consumption by athletes in 2021 at the Tokyo Olympics Games.<\/p>\n<p>As Kritikal Bilbo CBD Balsam is a non-addictive and THC free product, it can be applied regularly for nociceptive and neuropathic pain as well as for a long-term sports injury treatment.[\/vc_column_text][\/vc_column_inner][\/vc_row_inner][vc_empty_space height=&#8221;20px&#8221;][\/vc_column][\/vc_row][vc_row][vc_column][vc_empty_space][vc_text_separator title=&#8221;cosmetic&#8221; color=&#8221;custom&#8221; border_width=&#8221;4&#8243; css_animation=&#8221;none&#8221; accent_color=&#8221;#43a756&#8243; el_class=&#8221;sepdolor&#8221;][vc_empty_space][\/vc_column][\/vc_row][vc_row content_placement=&#8221;middle&#8221; css=&#8221;.vc_custom_1652182224589{background-color: #ededed !important;}&#8221;][vc_column][vc_empty_space height=&#8221;20px&#8221;][vc_row_inner content_placement=&#8221;middle&#8221; content_width=&#8221;grid&#8221;][vc_column_inner width=&#8221;1\/2&#8243;][vc_column_text]\n<span class=\"edgtf-dropcaps edgtf-circle\" style=\"border-style: solid;border-width: 6px\">\n\tT<\/span>he cosmetic use of CBD is worldwide recognized and we can find it in many different cosmetic products. CBD acts as an antioxidant preventing dry skin, stimulating collagen production, helping skin cell regeneration and strengthening its natural defence system. \u00a0\u00a0\u00a0\u00a0CBD use also provides beneficial purposes on various types of skin diseases such as psoriasis, dermatitis, itchiness and irritated skin.<\/p>\n<p>El CBD tiene tambi\u00e9n propiedades beneficiosas para diversos tipos de afecciones cut\u00e1neas, tales como psoriasis, dermatitis, irritaci\u00f3n y enrojecimiento.<\/p>\n<p>Alivia, relaja y tonifica la piel proporcionando una sensaci\u00f3n de bienestar. El uso de CBD t\u00f3pico tambi\u00e9n protege contra la deshidrataci\u00f3n, mejora el aspecto y estructura de la piel y la mantiene saludable. Su agradable efecto arom\u00e1tico junto con un suave masaje produce un inmediato efecto relajante, aliviando las tensiones del estr\u00e9s diario.[\/vc_column_text][\/vc_column_inner][vc_column_inner width=&#8221;1\/2&#8243;][vc_single_image image=&#8221;499&#8243; img_size=&#8221;full&#8221; alignment=&#8221;center&#8221; style=&#8221;vc_box_outline&#8221; border_color=&#8221;green&#8221; css_animation=&#8221;fadeIn&#8221;][\/vc_column_inner][\/vc_row_inner][vc_empty_space height=&#8221;20px&#8221;][\/vc_column][\/vc_row][vc_row][vc_column][vc_empty_space][vc_text_separator title=&#8221;WHY CBD?&#8221; color=&#8221;custom&#8221; border_width=&#8221;4&#8243; css_animation=&#8221;none&#8221; accent_color=&#8221;#43a756&#8243; el_class=&#8221;sepdolor&#8221;][vc_empty_space][\/vc_column][\/vc_row][vc_row][vc_column][vc_row_inner][vc_column_inner width=&#8221;1\/2&#8243;][vc_single_image image=&#8221;507&#8243; img_size=&#8221;full&#8221; alignment=&#8221;center&#8221; style=&#8221;vc_box_outline&#8221; border_color=&#8221;green&#8221; css_animation=&#8221;bounceInLeft&#8221;][\/vc_column_inner][vc_column_inner width=&#8221;1\/2&#8243;][vc_column_text]CBD is a natural ingredient taken out from the cannabis plant. It was discovered in 1940 and it is one of the most abundant cannabinoids of the hemp plant. The cannabidiol, or also commonly known as CBD, has got healthy and beneficial properties for the human body. It is safe and non-psychoactive, without any known side effects. In November 2017 the World Health Organisation (WHO) considered CBD to be a non-addictive substance, not having any adverse health effects and being well-tolerated in both humans and animals.<\/p>\n<p>There are some studies that show how CBD interacts with the CB2 receptors of the human endocannabinoid system (ECS). The topical use of CBD reduces the inflammation and relieves the pain, not affecting the organ systems. For this reason, CBD is an excellent alternative to most of the conventional medicines.[\/vc_column_text][\/vc_column_inner][\/vc_row_inner][vc_empty_space height=&#8221;20px&#8221;]<div class=\"edgtf-separator-holder clearfix  edgtf-separator-center\">\n\t<div class=\"edgtf-separator\" style=\"border-color: #43a756;border-style: dotted\"><\/div>\n<\/div>\n[vc_empty_space height=&#8221;20px&#8221;][\/vc_column][\/vc_row][vc_row full_width=&#8221;stretch_row_content&#8221; css=&#8221;.vc_custom_1652265521009{background-color: #ededed !important;}&#8221;][vc_column][vc_empty_space height=&#8221;10px&#8221;][vc_text_separator title=&#8221;INSTRUCTIONS FOR USE&#8221; title_align=&#8221;separator_align_left&#8221; align=&#8221;align_left&#8221; color=&#8221;custom&#8221; border_width=&#8221;4&#8243; el_width=&#8221;40&#8243; css_animation=&#8221;none&#8221; accent_color=&#8221;#43a756&#8243; el_class=&#8221;sepdolor&#8221;][vc_empty_space height=&#8221;20px&#8221;][vc_column_text]Spread a small amount of balm on the affected area and gently massage until completely absorbed. Apply as many times as necessary.[\/vc_column_text][\/vc_column][\/vc_row][vc_row][vc_column][vc_empty_space][vc_column_text]<\/p>\n<table>\n<tbody>\n<tr>\n<td colspan=\"2\">\n<h4 style=\"text-align: center;\"><span style=\"color: #43a756;\">PRECAUTIONS<\/span><\/h4>\n<\/td>\n<\/tr>\n<tr>\n<td>\n    <span class=\"edgtf-icon-shortcode circle edgtf-icon-small\"  >\n        \n        <i class=\"edgtf-icon-font-awesome fa fa-exclamation edgtf-icon-element\" style=\"\" ><\/i>\n            <\/span>\n\n<\/td>\n<td>\n<ul>\n<li>Kritikal Bilbo CBD Balsam is for external use only and should not be ingested.<\/li>\n<li>Avoid contact with eyes, mucous membranes, irritated skin and wounds. In case of accidental contact wash with plenty of water.<\/li>\n<li>If irritation appears or in case of hypersensitivity stop the application.<\/li>\n<li>Do not apply to children and keep out of their reach.<\/li>\n<\/ul>\n<\/td>\n<\/tr>\n<\/tbody>\n<\/table>\n<p>[\/vc_column_text][vc_empty_space height=&#8221;20px&#8221;][\/vc_column][\/vc_row][vc_row][vc_column][vc_empty_space height=&#8221;20px&#8221;]<div class=\"edgtf-separator-holder clearfix  edgtf-separator-center edgtf-separator-full-width\">\n\t<div class=\"edgtf-separator\" style=\"border-color: #43a756;border-style: solid\"><\/div>\n<\/div>\n[\/vc_column][\/vc_row][vc_row css=&#8221;.vc_custom_1648807661381{background-color: #dbdbdb !important;}&#8221;][vc_column][vc_empty_space]\n\t\t\t<!-- START sientela REVOLUTION SLIDER 6.5.16 --><p class=\"rs-p-wp-fix\"><\/p>\n\t\t\t<rs-module-wrap id=\"rev_slider_10_1_wrapper\" data-source=\"gallery\" style=\"visibility:hidden;background:transparent;padding:0;margin:0px auto;margin-top:0;margin-bottom:0;\">\n\t\t\t\t<rs-module id=\"rev_slider_10_1\" style=\"\" data-version=\"6.5.16\">\n\t\t\t\t\t<rs-slides>\n\t\t\t\t\t\t<rs-slide style=\"position: absolute;\" data-key=\"rs-11\" data-title=\"Slide\" data-anim=\"ms:7000;\" data-in=\"o:0;\" data-out=\"a:false;\" data-sloop=\"s:0;e:7000;\">\n\t\t\t\t\t\t\t<img src=\"\/\/www.kritikalbilbo.com\/wp-content\/plugins\/revslider\/public\/assets\/assets\/dummy.png\" alt=\"Slide\" title=\"Kritikal Bilbo CBD Balm 50 ml\" class=\"rev-slidebg tp-rs-img rs-lazyload\" data-lazyload=\"\/\/www.kritikalbilbo.com\/wp-content\/plugins\/revslider\/public\/assets\/assets\/transparent.png\" data-no-retina>\n<!--\n\t\t\t\t\t\t\t--><rs-layer\n\t\t\t\t\t\t\t\tid=\"slider-10-slide-11-layer-0\" \n\t\t\t\t\t\t\t\tdata-type=\"text\"\n\t\t\t\t\t\t\t\tdata-color=\"#000000\"\n\t\t\t\t\t\t\t\tdata-rsp_ch=\"on\"\n\t\t\t\t\t\t\t\tdata-xy=\"x:922px;y:9px;\"\n\t\t\t\t\t\t\t\tdata-text=\"w:normal;s:40;l:44;ls:2;a:center;\"\n\t\t\t\t\t\t\t\tdata-dim=\"w:311px;minh:0px;\"\n\t\t\t\t\t\t\t\tdata-frame_0=\"y:200%;sX:2;sY:2;o:1;rX:-20deg;rY:-20deg;\"\n\t\t\t\t\t\t\t\tdata-frame_1=\"e:power3.out;sp:1000;\"\n\t\t\t\t\t\t\t\tdata-frame_999=\"o:0;st:6680;sR:4530;\"\n\t\t\t\t\t\t\t\tstyle=\"z-index:8;font-family:'Poppins';font-style:italic;\"\n\t\t\t\t\t\t\t>Efecto<br \/>\nreconfortante \n\t\t\t\t\t\t\t<\/rs-layer><!--\n\n\t\t\t\t\t\t\t--><rs-layer\n\t\t\t\t\t\t\t\tid=\"slider-10-slide-11-layer-6\" \n\t\t\t\t\t\t\t\tdata-type=\"text\"\n\t\t\t\t\t\t\t\tdata-color=\"#43a756\"\n\t\t\t\t\t\t\t\tdata-rsp_ch=\"on\"\n\t\t\t\t\t\t\t\tdata-xy=\"x:43px;y:13px;\"\n\t\t\t\t\t\t\t\tdata-text=\"w:normal;s:73;l:80;ls:40px;fw:800;\"\n\t\t\t\t\t\t\t\tdata-dim=\"w:861px;minh:0;\"\n\t\t\t\t\t\t\t\tdata-frame_0=\"x:175%;o:1;\"\n\t\t\t\t\t\t\t\tdata-frame_0_mask=\"u:t;x:-100%;\"\n\t\t\t\t\t\t\t\tdata-frame_1=\"x:1px;y:1px;e:power3.out;sp:2310;\"\n\t\t\t\t\t\t\t\tdata-frame_1_mask=\"u:t;\"\n\t\t\t\t\t\t\t\tdata-frame_999=\"o:1;st:4690;sp:1200;sR:2380;\"\n\t\t\t\t\t\t\t\tdata-frame_999_chars=\"e:power4.inOut;dir:backward;d:10;x:105%;o:0;rY:45deg;rZ:90deg;\"\n\t\t\t\t\t\t\t\tdata-frame_999_mask=\"u:t;\"\n\t\t\t\t\t\t\t\tstyle=\"z-index:9;font-family:'Raleway';font-style:italic;\"\n\t\t\t\t\t\t\t>Si\u00e9ntelo ... \n\t\t\t\t\t\t\t<\/rs-layer><!--\n-->\t\t\t\t\t\t<\/rs-slide>\n\t\t\t\t\t<\/rs-slides>\n\t\t\t\t<\/rs-module>\n\t\t\t\t<script>\n\t\t\t\t\tsetREVStartSize({c: 'rev_slider_10_1',rl:[1240,1024,778,480],el:[110],gw:[1240],gh:[110],type:'standard',justify:'',layout:'fullwidth',mh:\"0\"});if (window.RS_MODULES!==undefined && window.RS_MODULES.modules!==undefined && window.RS_MODULES.modules[\"revslider101\"]!==undefined) {window.RS_MODULES.modules[\"revslider101\"].once = false;window.revapi10 = undefined;if (window.RS_MODULES.checkMinimal!==undefined) window.RS_MODULES.checkMinimal()}\n\t\t\t\t<\/script>\n\t\t\t<\/rs-module-wrap>\n\t\t\t<!-- END REVOLUTION SLIDER -->\n[vc_empty_space][\/vc_column][\/vc_row][vc_row][vc_column]<div class=\"edgtf-separator-holder clearfix  edgtf-separator-center edgtf-separator-full-width\">\n\t<div class=\"edgtf-separator\" style=\"border-color: #43a756;border-style: solid\"><\/div>\n<\/div>\n[vc_empty_space height=&#8221;50px&#8221;][\/vc_column][\/vc_row]<\/p>\n","protected":false},"excerpt":{"rendered":"<p>Kritikal Bilbo CBD massage balm with cannabidiol for topical use<\/p>\n<table>\n<tbody>\n<tr>\n<td>[edgtf_icon icon_pack=\"font_awesome\" fa_icon=\"fa-truck\" size=\"edgtf-icon-small\" custom_size=\"\" type=\"circle\" border_radius=\"\" shape_size=\"\" icon_color=\"\" border_color=\"\" border_width=\"\" background_color=\"\" hover_icon_color=\"\" hover_border_color=\"\" hover_background_color=\"\" margin=\"\" icon_animation=\"\" icon_animation_delay=\"\" link=\"\" anchor_icon=\"\" target=\"_self\"]<\/td>\n<td>FREE shipping costs for Spain and 12\u20ac for the rest of the countries.<\/td>\n<\/tr>\n<tr>\n<td>[edgtf_icon icon_pack=\"font_awesome\" fa_icon=\"fa-envelope\" size=\"edgtf-icon-small\" custom_size=\"\" type=\"circle\" border_radius=\"\" shape_size=\"\" icon_color=\"\" border_color=\"\" border_width=\"\" background_color=\"\" hover_icon_color=\"\" hover_border_color=\"\" hover_background_color=\"\" margin=\"\" icon_animation=\"\" icon_animation_delay=\"\" link=\"\" anchor_icon=\"\" target=\"_self\"]<\/td>\n<td>Delivery time in Spain and Portugal: 24 &#8211; 48 hours<br \/>\nOther countries: According to transport company<\/td>\n<\/tr>\n<\/tbody>\n<\/table>\n","protected":false},"featured_media":944,"comment_status":"open","ping_status":"closed","template":"","meta":[],"product_cat":[],"product_tag":[],"yoast_head":"<!-- This site is optimized with the Yoast SEO plugin v19.9 - https:\/\/yoast.com\/wordpress\/plugins\/seo\/ -->\n<title>Kritikal Bilbo CBD Balsam with cannabidiol (CBD)<\/title>\n<meta name=\"description\" content=\"The Kritikal Bilbo CBD Balm provides immediate relief with a comforting effect, improving the sensation of muscular and joint well-being.\" \/>\n<meta name=\"robots\" content=\"index, follow, max-snippet:-1, max-image-preview:large, max-video-preview:-1\" \/>\n<link rel=\"canonical\" href=\"https:\/\/www.kritikalbilbo.com\/en\/producto\/kritikal-bilbo-cbd-balm-50-ml\/\" \/>\n<meta property=\"og:locale\" content=\"en_US\" \/>\n<meta property=\"og:type\" content=\"article\" \/>\n<meta property=\"og:title\" content=\"Kritikal Bilbo CBD Balsam with cannabidiol (CBD)\" \/>\n<meta property=\"og:description\" content=\"The Kritikal Bilbo CBD Balm provides immediate relief with a comforting effect, improving the sensation of muscular and joint well-being.\" \/>\n<meta property=\"og:url\" content=\"https:\/\/www.kritikalbilbo.com\/en\/producto\/kritikal-bilbo-cbd-balm-50-ml\/\" \/>\n<meta property=\"og:site_name\" content=\"Kritikal Bilbo\" \/>\n<meta property=\"article:publisher\" content=\"https:\/\/es-es.facebook.com\/GENEHTIK\/\" \/>\n<meta property=\"article:modified_time\" content=\"2025-06-12T10:22:50+00:00\" \/>\n<meta property=\"og:image\" content=\"https:\/\/www.kritikalbilbo.com\/wp-content\/uploads\/2023\/01\/Kritikal-Bilbo-CBD-Balsam.png\" \/>\n\t<meta property=\"og:image:width\" content=\"677\" \/>\n\t<meta property=\"og:image:height\" content=\"386\" \/>\n\t<meta property=\"og:image:type\" content=\"image\/png\" \/>\n<meta name=\"twitter:card\" content=\"summary_large_image\" \/>\n<meta name=\"twitter:site\" content=\"@GenehtikEs\" \/>\n<meta name=\"twitter:label1\" content=\"Est. reading time\" \/>\n\t<meta name=\"twitter:data1\" content=\"5 minutes\" \/>\n<script type=\"application\/ld+json\" class=\"yoast-schema-graph\">{\"@context\":\"https:\/\/schema.org\",\"@graph\":[{\"@type\":\"WebPage\",\"@id\":\"https:\/\/www.kritikalbilbo.com\/en\/producto\/kritikal-bilbo-cbd-balm-50-ml\/\",\"url\":\"https:\/\/www.kritikalbilbo.com\/en\/producto\/kritikal-bilbo-cbd-balm-50-ml\/\",\"name\":\"Kritikal Bilbo CBD Balsam with cannabidiol (CBD)\",\"isPartOf\":{\"@id\":\"https:\/\/www.kritikalbilbo.com\/en\/#website\"},\"datePublished\":\"2024-04-26T10:40:12+00:00\",\"dateModified\":\"2025-06-12T10:22:50+00:00\",\"description\":\"The Kritikal Bilbo CBD Balm provides immediate relief with a comforting effect, improving the sensation of muscular and joint well-being.\",\"breadcrumb\":{\"@id\":\"https:\/\/www.kritikalbilbo.com\/en\/producto\/kritikal-bilbo-cbd-balm-50-ml\/#breadcrumb\"},\"inLanguage\":\"en-US\",\"potentialAction\":[{\"@type\":\"ReadAction\",\"target\":[\"https:\/\/www.kritikalbilbo.com\/en\/producto\/kritikal-bilbo-cbd-balm-50-ml\/\"]}]},{\"@type\":\"BreadcrumbList\",\"@id\":\"https:\/\/www.kritikalbilbo.com\/en\/producto\/kritikal-bilbo-cbd-balm-50-ml\/#breadcrumb\",\"itemListElement\":[{\"@type\":\"ListItem\",\"position\":1,\"name\":\"Portada\",\"item\":\"https:\/\/www.kritikalbilbo.com\/en\/\"},{\"@type\":\"ListItem\",\"position\":2,\"name\":\"Tienda\",\"item\":\"https:\/\/www.kritikalbilbo.com\/tienda\/\"},{\"@type\":\"ListItem\",\"position\":3,\"name\":\"Kritikal Bilbo CBD Balm 50 ml\"}]},{\"@type\":\"WebSite\",\"@id\":\"https:\/\/www.kritikalbilbo.com\/en\/#website\",\"url\":\"https:\/\/www.kritikalbilbo.com\/en\/\",\"name\":\"Kritikal Bilbo\",\"description\":\"Kritikal Bilbo CBD Balm provides immediate relief with a comforting effect, improving the sensation of muscular and joint well-being.\",\"publisher\":{\"@id\":\"https:\/\/www.kritikalbilbo.com\/en\/#organization\"},\"potentialAction\":[{\"@type\":\"SearchAction\",\"target\":{\"@type\":\"EntryPoint\",\"urlTemplate\":\"https:\/\/www.kritikalbilbo.com\/en\/?s={search_term_string}\"},\"query-input\":\"required name=search_term_string\"}],\"inLanguage\":\"en-US\"},{\"@type\":\"Organization\",\"@id\":\"https:\/\/www.kritikalbilbo.com\/en\/#organization\",\"name\":\"Kritikal Bilbo\",\"url\":\"https:\/\/www.kritikalbilbo.com\/en\/\",\"logo\":{\"@type\":\"ImageObject\",\"inLanguage\":\"en-US\",\"@id\":\"https:\/\/www.kritikalbilbo.com\/en\/#\/schema\/logo\/image\/\",\"url\":\"https:\/\/www.kritikalbilbo.com\/wp-content\/uploads\/2022\/03\/logoKB.png\",\"contentUrl\":\"https:\/\/www.kritikalbilbo.com\/wp-content\/uploads\/2022\/03\/logoKB.png\",\"width\":78,\"height\":66,\"caption\":\"Kritikal Bilbo\"},\"image\":{\"@id\":\"https:\/\/www.kritikalbilbo.com\/en\/#\/schema\/logo\/image\/\"},\"sameAs\":[\"https:\/\/www.instagram.com\/genehtik_seeds\",\"http:\/\/www.youtube.com\/SemillasGenehtik\",\"https:\/\/es-es.facebook.com\/GENEHTIK\/\",\"https:\/\/twitter.com\/GenehtikEs\"]}]}<\/script>\n<!-- \/ Yoast SEO plugin. -->","yoast_head_json":{"title":"Kritikal Bilbo CBD Balsam with cannabidiol (CBD)","description":"The Kritikal Bilbo CBD Balm provides immediate relief with a comforting effect, improving the sensation of muscular and joint well-being.","robots":{"index":"index","follow":"follow","max-snippet":"max-snippet:-1","max-image-preview":"max-image-preview:large","max-video-preview":"max-video-preview:-1"},"canonical":"https:\/\/www.kritikalbilbo.com\/en\/producto\/kritikal-bilbo-cbd-balm-50-ml\/","og_locale":"en_US","og_type":"article","og_title":"Kritikal Bilbo CBD Balsam with cannabidiol (CBD)","og_description":"The Kritikal Bilbo CBD Balm provides immediate relief with a comforting effect, improving the sensation of muscular and joint well-being.","og_url":"https:\/\/www.kritikalbilbo.com\/en\/producto\/kritikal-bilbo-cbd-balm-50-ml\/","og_site_name":"Kritikal Bilbo","article_publisher":"https:\/\/es-es.facebook.com\/GENEHTIK\/","article_modified_time":"2025-06-12T10:22:50+00:00","og_image":[{"width":677,"height":386,"url":"https:\/\/www.kritikalbilbo.com\/wp-content\/uploads\/2023\/01\/Kritikal-Bilbo-CBD-Balsam.png","type":"image\/png"}],"twitter_card":"summary_large_image","twitter_site":"@GenehtikEs","twitter_misc":{"Est. reading time":"5 minutes"},"schema":{"@context":"https:\/\/schema.org","@graph":[{"@type":"WebPage","@id":"https:\/\/www.kritikalbilbo.com\/en\/producto\/kritikal-bilbo-cbd-balm-50-ml\/","url":"https:\/\/www.kritikalbilbo.com\/en\/producto\/kritikal-bilbo-cbd-balm-50-ml\/","name":"Kritikal Bilbo CBD Balsam with cannabidiol (CBD)","isPartOf":{"@id":"https:\/\/www.kritikalbilbo.com\/en\/#website"},"datePublished":"2024-04-26T10:40:12+00:00","dateModified":"2025-06-12T10:22:50+00:00","description":"The Kritikal Bilbo CBD Balm provides immediate relief with a comforting effect, improving the sensation of muscular and joint well-being.","breadcrumb":{"@id":"https:\/\/www.kritikalbilbo.com\/en\/producto\/kritikal-bilbo-cbd-balm-50-ml\/#breadcrumb"},"inLanguage":"en-US","potentialAction":[{"@type":"ReadAction","target":["https:\/\/www.kritikalbilbo.com\/en\/producto\/kritikal-bilbo-cbd-balm-50-ml\/"]}]},{"@type":"BreadcrumbList","@id":"https:\/\/www.kritikalbilbo.com\/en\/producto\/kritikal-bilbo-cbd-balm-50-ml\/#breadcrumb","itemListElement":[{"@type":"ListItem","position":1,"name":"Portada","item":"https:\/\/www.kritikalbilbo.com\/en\/"},{"@type":"ListItem","position":2,"name":"Tienda","item":"https:\/\/www.kritikalbilbo.com\/tienda\/"},{"@type":"ListItem","position":3,"name":"Kritikal Bilbo CBD Balm 50 ml"}]},{"@type":"WebSite","@id":"https:\/\/www.kritikalbilbo.com\/en\/#website","url":"https:\/\/www.kritikalbilbo.com\/en\/","name":"Kritikal Bilbo","description":"Kritikal Bilbo CBD Balm provides immediate relief with a comforting effect, improving the sensation of muscular and joint well-being.","publisher":{"@id":"https:\/\/www.kritikalbilbo.com\/en\/#organization"},"potentialAction":[{"@type":"SearchAction","target":{"@type":"EntryPoint","urlTemplate":"https:\/\/www.kritikalbilbo.com\/en\/?s={search_term_string}"},"query-input":"required name=search_term_string"}],"inLanguage":"en-US"},{"@type":"Organization","@id":"https:\/\/www.kritikalbilbo.com\/en\/#organization","name":"Kritikal Bilbo","url":"https:\/\/www.kritikalbilbo.com\/en\/","logo":{"@type":"ImageObject","inLanguage":"en-US","@id":"https:\/\/www.kritikalbilbo.com\/en\/#\/schema\/logo\/image\/","url":"https:\/\/www.kritikalbilbo.com\/wp-content\/uploads\/2022\/03\/logoKB.png","contentUrl":"https:\/\/www.kritikalbilbo.com\/wp-content\/uploads\/2022\/03\/logoKB.png","width":78,"height":66,"caption":"Kritikal Bilbo"},"image":{"@id":"https:\/\/www.kritikalbilbo.com\/en\/#\/schema\/logo\/image\/"},"sameAs":["https:\/\/www.instagram.com\/genehtik_seeds","http:\/\/www.youtube.com\/SemillasGenehtik","https:\/\/es-es.facebook.com\/GENEHTIK\/","https:\/\/twitter.com\/GenehtikEs"]}]}},"_links":{"self":[{"href":"https:\/\/www.kritikalbilbo.com\/en\/wp-json\/wp\/v2\/product\/1038"}],"collection":[{"href":"https:\/\/www.kritikalbilbo.com\/en\/wp-json\/wp\/v2\/product"}],"about":[{"href":"https:\/\/www.kritikalbilbo.com\/en\/wp-json\/wp\/v2\/types\/product"}],"replies":[{"embeddable":true,"href":"https:\/\/www.kritikalbilbo.com\/en\/wp-json\/wp\/v2\/comments?post=1038"}],"wp:featuredmedia":[{"embeddable":true,"href":"https:\/\/www.kritikalbilbo.com\/en\/wp-json\/wp\/v2\/media\/944"}],"wp:attachment":[{"href":"https:\/\/www.kritikalbilbo.com\/en\/wp-json\/wp\/v2\/media?parent=1038"}],"wp:term":[{"taxonomy":"product_cat","embeddable":true,"href":"https:\/\/www.kritikalbilbo.com\/en\/wp-json\/wp\/v2\/product_cat?post=1038"},{"taxonomy":"product_tag","embeddable":true,"href":"https:\/\/www.kritikalbilbo.com\/en\/wp-json\/wp\/v2\/product_tag?post=1038"}],"curies":[{"name":"wp","href":"https:\/\/api.w.org\/{rel}","templated":true}]}}